{"id":677676,"date":"2024-09-05T10:27:17","date_gmt":"2024-09-05T08:27:17","guid":{"rendered":"https:\/\/www.barcelo.com\/guia-turismo\/contact\/"},"modified":"2024-11-22T12:24:53","modified_gmt":"2024-11-22T11:24:53","slug":"contacto","status":"publish","type":"page","link":"https:\/\/www.barcelo.com\/guia-turismo\/es\/contacto\/","title":{"rendered":"Contacta con nuestro equipo"},"content":{"rendered":"\n<p>Si necesitas m\u00e1s informaci\u00f3n sobre nuestros destinos exclusivos o tienes preguntas sobre nuestras experiencias, completa el formulario a continuaci\u00f3n y nos pondremos en contacto contigo lo antes posible.<\/p>\n","protected":false},"excerpt":{"rendered":"<p>Si necesitas m\u00e1s informaci\u00f3n sobre nuestros destinos exclusivos o tienes preguntas sobre nuestras experiencias, completa el formulario a continuaci\u00f3n y [&hellip;]<\/p>\n","protected":false},"author":1,"featured_media":0,"parent":0,"menu_order":0,"comment_status":"closed","ping_status":"closed","template":"partials\/template-contact.php","meta":{"_acf_changed":false,"footnotes":""},"class_list":["post-677676","page","type-page","status-publish","hentry"],"acf":[],"yoast_head":"<!-- This site is optimized with the Yoast SEO Premium plugin v26.2 (Yoast SEO v27.2) - https:\/\/yoast.com\/product\/yoast-seo-premium-wordpress\/ -->\n<title>Contacta con nuestro equipo - Barcel\u00f3 Experiences<\/title>\n<meta name=\"robots\" content=\"noindex, nofollow\" \/>\n<meta property=\"og:locale\" content=\"es_ES\" \/>\n<meta property=\"og:type\" content=\"article\" \/>\n<meta property=\"og:title\" content=\"Contacta con nuestro equipo\" \/>\n<meta property=\"og:description\" content=\"Si necesitas m\u00e1s informaci\u00f3n sobre nuestros destinos exclusivos o tienes preguntas sobre nuestras experiencias, completa el formulario a continuaci\u00f3n y [&hellip;]\" \/>\n<meta property=\"og:site_name\" content=\"Barcel\u00f3 Experiences\" \/>\n<meta property=\"article:modified_time\" content=\"2024-11-22T11:24:53+00:00\" \/>\n<meta name=\"twitter:card\" content=\"summary_large_image\" \/>\n<meta name=\"twitter:label1\" content=\"Tiempo de lectura\" \/>\n\t<meta name=\"twitter:data1\" content=\"1 minuto\" \/>\n<script type=\"application\/ld+json\" class=\"yoast-schema-graph\">{\"@context\":\"https:\/\/schema.org\",\"@graph\":[{\"@type\":\"WebPage\",\"@id\":\"https:\/\/www.barcelo.com\/guia-turismo\/es\/contacto\/\",\"url\":\"https:\/\/www.barcelo.com\/guia-turismo\/es\/contacto\/\",\"name\":\"Contacta con nuestro equipo - Barcel\u00f3 Experiences\",\"isPartOf\":{\"@id\":\"https:\/\/www.barcelo.com\/guia-turismo\/en\/#website\"},\"datePublished\":\"2024-09-05T08:27:17+00:00\",\"dateModified\":\"2024-11-22T11:24:53+00:00\",\"breadcrumb\":{\"@id\":\"https:\/\/www.barcelo.com\/guia-turismo\/es\/contacto\/#breadcrumb\"},\"inLanguage\":\"es\",\"potentialAction\":[{\"@type\":\"ReadAction\",\"target\":[\"https:\/\/www.barcelo.com\/guia-turismo\/es\/contacto\/\"]}]},{\"@type\":\"BreadcrumbList\",\"@id\":\"https:\/\/www.barcelo.com\/guia-turismo\/es\/contacto\/#breadcrumb\",\"itemListElement\":[{\"@type\":\"ListItem\",\"position\":1,\"name\":\"Portada\",\"item\":\"https:\/\/www.barcelo.com\/guia-turismo\/en\/\"},{\"@type\":\"ListItem\",\"position\":2,\"name\":\"Contacta con nuestro equipo\"}]},{\"@type\":\"WebSite\",\"@id\":\"https:\/\/www.barcelo.com\/guia-turismo\/en\/#website\",\"url\":\"https:\/\/www.barcelo.com\/guia-turismo\/en\/\",\"name\":\"Barcel\u00f3 Experiences\",\"description\":\"\",\"publisher\":{\"@id\":\"https:\/\/www.barcelo.com\/guia-turismo\/en\/#organization\"},\"potentialAction\":[{\"@type\":\"SearchAction\",\"target\":{\"@type\":\"EntryPoint\",\"urlTemplate\":\"https:\/\/www.barcelo.com\/guia-turismo\/en\/?s={search_term_string}\"},\"query-input\":{\"@type\":\"PropertyValueSpecification\",\"valueRequired\":true,\"valueName\":\"search_term_string\"}}],\"inLanguage\":\"es\"},{\"@type\":\"Organization\",\"@id\":\"https:\/\/www.barcelo.com\/guia-turismo\/en\/#organization\",\"name\":\"Barcel\u00f3 Hotel Group\",\"url\":\"https:\/\/www.barcelo.com\/guia-turismo\/en\/\",\"logo\":{\"@type\":\"ImageObject\",\"inLanguage\":\"es\",\"@id\":\"https:\/\/www.barcelo.com\/guia-turismo\/en\/#\/schema\/logo\/image\/\",\"url\":\"https:\/\/www.barcelo.com\/guia-turismo\/wp-content\/uploads\/2022\/06\/Logo-Barcelo-Experiences.webp\",\"contentUrl\":\"https:\/\/www.barcelo.com\/guia-turismo\/wp-content\/uploads\/2022\/06\/Logo-Barcelo-Experiences.webp\",\"width\":129,\"height\":56,\"caption\":\"Barcel\u00f3 Hotel Group\"},\"image\":{\"@id\":\"https:\/\/www.barcelo.com\/guia-turismo\/en\/#\/schema\/logo\/image\/\"}}]}<\/script>\n<!-- \/ Yoast SEO Premium plugin. -->","yoast_head_json":{"title":"Contacta con nuestro equipo - Barcel\u00f3 Experiences","robots":{"index":"noindex","follow":"nofollow"},"og_locale":"es_ES","og_type":"article","og_title":"Contacta con nuestro equipo","og_description":"Si necesitas m\u00e1s informaci\u00f3n sobre nuestros destinos exclusivos o tienes preguntas sobre nuestras experiencias, completa el formulario a continuaci\u00f3n y [&hellip;]","og_site_name":"Barcel\u00f3 Experiences","article_modified_time":"2024-11-22T11:24:53+00:00","twitter_card":"summary_large_image","twitter_misc":{"Tiempo de lectura":"1 minuto"},"schema":{"@context":"https:\/\/schema.org","@graph":[{"@type":"WebPage","@id":"https:\/\/www.barcelo.com\/guia-turismo\/es\/contacto\/","url":"https:\/\/www.barcelo.com\/guia-turismo\/es\/contacto\/","name":"Contacta con nuestro equipo - Barcel\u00f3 Experiences","isPartOf":{"@id":"https:\/\/www.barcelo.com\/guia-turismo\/en\/#website"},"datePublished":"2024-09-05T08:27:17+00:00","dateModified":"2024-11-22T11:24:53+00:00","breadcrumb":{"@id":"https:\/\/www.barcelo.com\/guia-turismo\/es\/contacto\/#breadcrumb"},"inLanguage":"es","potentialAction":[{"@type":"ReadAction","target":["https:\/\/www.barcelo.com\/guia-turismo\/es\/contacto\/"]}]},{"@type":"BreadcrumbList","@id":"https:\/\/www.barcelo.com\/guia-turismo\/es\/contacto\/#breadcrumb","itemListElement":[{"@type":"ListItem","position":1,"name":"Portada","item":"https:\/\/www.barcelo.com\/guia-turismo\/en\/"},{"@type":"ListItem","position":2,"name":"Contacta con nuestro equipo"}]},{"@type":"WebSite","@id":"https:\/\/www.barcelo.com\/guia-turismo\/en\/#website","url":"https:\/\/www.barcelo.com\/guia-turismo\/en\/","name":"Barcel\u00f3 Experiences","description":"","publisher":{"@id":"https:\/\/www.barcelo.com\/guia-turismo\/en\/#organization"},"potentialAction":[{"@type":"SearchAction","target":{"@type":"EntryPoint","urlTemplate":"https:\/\/www.barcelo.com\/guia-turismo\/en\/?s={search_term_string}"},"query-input":{"@type":"PropertyValueSpecification","valueRequired":true,"valueName":"search_term_string"}}],"inLanguage":"es"},{"@type":"Organization","@id":"https:\/\/www.barcelo.com\/guia-turismo\/en\/#organization","name":"Barcel\u00f3 Hotel Group","url":"https:\/\/www.barcelo.com\/guia-turismo\/en\/","logo":{"@type":"ImageObject","inLanguage":"es","@id":"https:\/\/www.barcelo.com\/guia-turismo\/en\/#\/schema\/logo\/image\/","url":"https:\/\/www.barcelo.com\/guia-turismo\/wp-content\/uploads\/2022\/06\/Logo-Barcelo-Experiences.webp","contentUrl":"https:\/\/www.barcelo.com\/guia-turismo\/wp-content\/uploads\/2022\/06\/Logo-Barcelo-Experiences.webp","width":129,"height":56,"caption":"Barcel\u00f3 Hotel Group"},"image":{"@id":"https:\/\/www.barcelo.com\/guia-turismo\/en\/#\/schema\/logo\/image\/"}}]}},"_links":{"self":[{"href":"https:\/\/www.barcelo.com\/guia-turismo\/es\/wp-json\/wp\/v2\/pages\/677676","targetHints":{"allow":["GET"]}}],"collection":[{"href":"https:\/\/www.barcelo.com\/guia-turismo\/es\/wp-json\/wp\/v2\/pages"}],"about":[{"href":"https:\/\/www.barcelo.com\/guia-turismo\/es\/wp-json\/wp\/v2\/types\/page"}],"author":[{"embeddable":true,"href":"https:\/\/www.barcelo.com\/guia-turismo\/es\/wp-json\/wp\/v2\/users\/1"}],"replies":[{"embeddable":true,"href":"https:\/\/www.barcelo.com\/guia-turismo\/es\/wp-json\/wp\/v2\/comments?post=677676"}],"version-history":[{"count":1,"href":"https:\/\/www.barcelo.com\/guia-turismo\/es\/wp-json\/wp\/v2\/pages\/677676\/revisions"}],"predecessor-version":[{"id":677677,"href":"https:\/\/www.barcelo.com\/guia-turismo\/es\/wp-json\/wp\/v2\/pages\/677676\/revisions\/677677"}],"wp:attachment":[{"href":"https:\/\/www.barcelo.com\/guia-turismo\/es\/wp-json\/wp\/v2\/media?parent=677676"}],"curies":[{"name":"wp","href":"https:\/\/api.w.org\/{rel}","templated":true}]}}