{"id":6377,"date":"2018-12-09T14:59:43","date_gmt":"2018-12-09T14:59:43","guid":{"rendered":"https:\/\/www.barcelo.com\/guia-turismo\/?page_id=6377"},"modified":"2018-12-09T14:59:43","modified_gmt":"2018-12-09T14:59:43","slug":"terms-and-conditions-of-barcelo-experiences","status":"publish","type":"page","link":"https:\/\/www.barcelo.com\/guia-turismo\/it\/terms-and-conditions-of-barcelo-experiences\/","title":{"rendered":"Terms and conditions of Barcel\u00f3 Experiences"},"content":{"rendered":"<p>Las presentes Condiciones Generales (en adelante, las &#8220;CG&#8221;) regulan el acceso y el uso del sitio www.barcelo.com\/experiences propiedad de Barcel\u00f3 Gesti\u00f3n Hotelera, S.L.<\/p>\n<p><strong>1. Identificaci\u00f3n de las partes<\/strong><br \/>\nDe una parte, Barcel\u00f3 Gesti\u00f3n Hotelera, S.L. (en adelante \u201c<strong>Barcel\u00f3<\/strong>\u201d), con domicilio social en C\/ Rover Motta 27, 07006, Palma de Mallorca, Central de Reservas n\u00famero CR\/235 y CIF B-07918287. Tel\u00e9fono de contacto 971 771 700 y correo electr\u00f3nico experiences@barcelo.com.<br \/>\nY, de otra parte, la persona f\u00edsica, en adelante \u201c<strong>Usuario<\/strong>\u201d, que accede a la p\u00e1gina para informarse y reservar las experiencias ofrecidas en la Website.<br \/>\nEl Usuario declara que es mayor de edad (es decir mayor de 18 a\u00f1os) y tiene la capacidad legal para realizar la reserva de experiencias a trav\u00e9s de la p\u00e1gina web conforme a las presentes CG, que comprende y entiende en su totalidad. En caso de contrataci\u00f3n por parte de un menor de edad, Barcel\u00f3 no ser\u00e1 en ning\u00fan caso responsable debiendo asumir el menor, padres o tutores los gastos que ello pudiera ocasionar.<br \/>\nEn el caso de que un Usuario use un medio de pago del que no es titular directo garantiza que cuenta con la autorizaci\u00f3n del titular del medio de pago para realizar la reserva de la experiencia.<\/p>\n<p><strong>2.- Objeto y aceptaci\u00f3n<\/strong><br \/>\nBarcel\u00f3 mediante la presente web ofrece a los Usuario un servicio de reservas de experiencias en distintos destinos del mundo.<br \/>\nToda reserva que el Usuario realice a trav\u00e9s de nuestra web implica la aceptaci\u00f3n de las presentes CG. El Usuario manifiesta conocer las presentes CG con car\u00e1cter previo a su reserva.<br \/>\nBarcel\u00f3 se reserva el derecho a modificar las CG publicando las nuevas condiciones generales en la misma p\u00e1gina web.<br \/>\nLa no aplicaci\u00f3n temporal de alguna de las cl\u00e1usulas de las CG no implicar\u00e1 la renuncia del resto de las cl\u00e1usulas.<br \/>\nBarcel\u00f3 informa que las experiencias son proporcionadas por terceros colaboradores proveedores de las experiencias (en adelante, los \u201c<strong>Proveedores<\/strong>\u201d), por esta causa Barcel\u00f3 act\u00faa a trav\u00e9s de la web como una central de reservas de experiencias que son prestadas por los Proveedores en distintos destinos del mundo.<\/p>\n<p><strong>3.- Reserva de Experiencias a trav\u00e9s de la web<\/strong><br \/>\nLa realizaci\u00f3n de una reserva de experiencia a trav\u00e9s de la web deber\u00e1 realizarse con sujeci\u00f3n al proceso que se describe a continuaci\u00f3n.<br \/>\n1. El usuario ve la experiencia en la web<br \/>\n2. Rellena el formulario para solicitud de reserva y lo env\u00eda<br \/>\n3. A continuaci\u00f3n se detallan dos opciones de proceso seg\u00fan el tipo de experiencia, las que no necesitan previa confirmaci\u00f3n de disponibilidad por parte del intermediario a BHG y las que s\u00ed:<br \/>\n&nbsp;&nbsp;&nbsp;&nbsp;a. Peticiones que no necesitan confirmaci\u00f3n por parte del intermediario. Se compone de los siguientes pasos:<\/p>\n<ol>\n<li>Tanto intermediario como BHG reciben la petici\u00f3n de la reserva.<\/li>\n<li>BHG env\u00eda directamente al cliente confirmaci\u00f3n de disponibilidad de reserva junto a un link de acceso al TPV virtual propiedad del intermediario.<\/li>\n<li>Intermediario env\u00eda a BHG confirmaci\u00f3n de pago cliente.<\/li>\n<li>BHG env\u00eda confirmaci\u00f3n de reserva al cliente.<\/li>\n<\/ol>\n<p>&nbsp;&nbsp;&nbsp;&nbsp;b. Peticiones que necesitan confirmaci\u00f3n por parte del intermediario. Se compone de los siguientes pasos:<\/p>\n<ol>\n<li>Tanto intermediario como BHG reciben la petici\u00f3n de la reserva.<\/li>\n<li>El intermediario env\u00eda confirmaci\u00f3n de disponibilidad a BHG.<\/li>\n<li>BHG env\u00eda al cliente confirmaci\u00f3n de disponibilidad de reserva junto con un link de acceso al TPV virtual propiedad del intermediario.<\/li>\n<li>El cliente realiza el pago.<\/li>\n<li>Intermediario env\u00eda a BHG confirmaci\u00f3n de pago cliente.<\/li>\n<li>BHG env\u00eda confirmaci\u00f3n de reserva al cliente.<\/li>\n<\/ol>\n<p><strong>4.- Precios y Modo de Pago<\/strong><br \/>\nEl precio estar\u00e1 indicado en euros y ser\u00e1 el establecido por Barcel\u00f3 en el momento en el que el Usuario realice la reserva.<br \/>\nEl Usuario se compromete a abonar la experiencia reservada mediante la utilizaci\u00f3n de alguno de los siguientes medios de pago que se detallan a continuaci\u00f3n:<\/p>\n<ul>\n<li>Tarjetas de D\u00e9bito (Visa Electr\u00f3n y Maestro) o Cr\u00e9dito (Visa, Master Card o American Express), a trav\u00e9s de la plataforma de pago que se le facilitar\u00e1 al cliente tras solicitar la reserva.<\/li>\n<\/ul>\n<p>El hecho de solicitar una reserva implica el compromiso del Usuario de autorizar el cargo en la tarjeta de cr\u00e9dito que suministra. En el caso de que no fuera posible realizar el cargo en la tarjeta de cr\u00e9dito (cargo rechazado), el Usuario acepta Barcel\u00f3 no emita la reserva efectuada.<br \/>\nUna vez realizado el pago, Barcel\u00f3 har\u00e1 entrega al Usuario de la documentaci\u00f3n relativa a la reserva de la experiencia, o bien envi\u00e1ndola a su direcci\u00f3n de correo electr\u00f3nico en los casos de efectuar el pago a trav\u00e9s de la web o bien entreg\u00e1ndola en la recepci\u00f3n del hotel donde se vaya a realizar el pago.<br \/>\n<strong>5.- Derecho de Desistimiento<\/strong><br \/>\nEs la facultad que tiene el usuario de dejar sin efecto una reserva realizada a trav\u00e9s de la web. El Usuario podr\u00e1 en todo momento dejar sin efecto la reserva solicitada, teniendo derecho a la devoluci\u00f3n de las cantidades que hubiera abonado, pero deber\u00e1 indemnizar al organizador de la experiencia en las siguientes cuant\u00edas, salvo que tal resoluci\u00f3n tenga lugar por cauda de fuerza mayor:<\/p>\n<ul>\n<li>Abonar\u00e1 una penalizaci\u00f3n consistente en el 5% del importe de la experiencia, si la cancelaci\u00f3n se produce con m\u00e1s de diez d\u00edas y menos de quince d\u00edas de la antelaci\u00f3n a la fecha que tendr\u00e1 lugar la experiencia; el 15 por ciento entre los d\u00edas tres y diez anteriores a la fecha que tendr\u00e1 lugar la experiencia y el 25% dentro de las cuarenta y ocho horas del d\u00eda que tenga lugar la experiencia.<\/li>\n<li>En el caso de que la experiencia estuviera sujeta a condiciones especiales de contrataci\u00f3n, tales como compra de entradas para un museo, espect\u00e1culos, etc. el Usuario asumir\u00e1 los gastos de cancelaci\u00f3n por dichas compras.<\/li>\n<\/ul>\n<p><strong>6.- Condiciones generales de las experiencias<\/strong><br \/>\nTodas las reservas de experiencias a trav\u00e9s de la web estar\u00e1n sujetas a las condiciones que se establecen a continuaci\u00f3n:<\/p>\n<ul>\n<li>Toda la informaci\u00f3n (por ejemplo, fechas, horarios, lugar de recogida, duraci\u00f3n, etc.) sobre las experiencias ofrecidas en la web ha sido proporcionada por terceros proveedores, siendo \u00e9stos los responsables de cualquier error relativo a la informaci\u00f3n proporcionada por ellos en relaci\u00f3n con las experiencias.<\/li>\n<\/ul>\n<p>Los Usuarios podr\u00e1n modificar los datos que hayan facilitado en la reserva de la experiencia, siempre y cuando la naturaleza de la misma lo permita. Para poder realizar la modificaci\u00f3n deber\u00e1 contactar mediante correo electr\u00f3nico a la siguiente direcci\u00f3n experiences@barcelo.com.<\/p>\n<ul>\n<li>En cuanto Barcel\u00f3 act\u00faa como central de reservas y las experiencias son ofrecidas por contratistas independientes, Barcel\u00f3 no es responsable de:<br \/>\n&#8211; Errores, omisiones o incumplimiento de los proveedores de experiencias.<br \/>\n&#8211; De los da\u00f1os personales, fallecimientos, da\u00f1os materiales, robos, que afecten al Usuario durante el transcurso de la experiencia.<br \/>\n&#8211; De la cancelaci\u00f3n de la experiencia ya sea por cancelaci\u00f3n, overbooking fuerza mayor.<br \/>\n&#8211; De los casos en los que el proveedor de experiencia no permita al Usuario realizarla debido a que este no lleve el correspondiente bono.<\/li>\n<\/ul>\n<p><strong>7.- Pol\u00edtica de Privacidad<\/strong><br \/>\nPara m\u00e1s informaci\u00f3n puedes consultar nuestra <a href=\"https:\/\/www.barcelo.com\/guia-turismo\/es\/politica-de-privacidad\/\">pol\u00edtica de privacidad<\/a>.<\/p>\n<p><strong>8.- Derechos de autor, marcas registradas, software<\/strong><br \/>\nTodos los contenidos de esta web, incluyendo contenidos, marcas, gr\u00e1ficos, logotipos, iconos, botones, im\u00e1genes y software, son propiedad de Barcel\u00f3 o de sus proveedores de contenido y est\u00e1n protegidos por las normas nacionales e internacionales de propiedad industrial e intelectual.<br \/>\nLa selecci\u00f3n, recopilaci\u00f3n, ordenaci\u00f3n, programaci\u00f3n, dise\u00f1o y montaje de todo el contenido de la p\u00e1gina web es propiedad exclusiva de Barcel\u00f3 y se encuentra protegida por las normas nacionales e internacionales de propiedad industrial e intelectual. Todo el software utilizado en la p\u00e1gina web, es propiedad de Barcel\u00f3 o de sus proveedores de software y se encuentra protegido por las leyes nacionales e internacionales de propiedad industrial e intelectual.<br \/>\nQueda terminantemente prohibido cualquier otro uso del contenido o fotograf\u00edas de la p\u00e1gina web, incluidas la reproducci\u00f3n, modificaci\u00f3n, distribuci\u00f3n, transmisi\u00f3n, posterior publicaci\u00f3n, exhibici\u00f3n o representaci\u00f3n total o parcial del mismo sin consentimiento expreso de Barcel\u00f3 o de sus proveedores.<\/p>\n<p><strong>9.- Informaci\u00f3n general, legislaci\u00f3n y jurisdicci\u00f3n<\/strong><br \/>\nBarcel\u00f3 se reserva el derecho a modificar, limitar o cancelar estas CG en cualquier momento.<br \/>\nEn cualquier caso, ser\u00e1n de aplicaci\u00f3n las condiciones que estuviesen en vigor cuando el Usuario formaliz\u00f3 la reserva, o las posteriores si \u00e9stas fuesen m\u00e1s favorables para los intereses del consumidor.<br \/>\nSi cualquier cl\u00e1usula incluida en estas condiciones generales fuese declarada, total o parcialmente, nula o ineficaz, subsistiendo las condiciones generales en todo lo dem\u00e1s, teni\u00e9ndose tal disposici\u00f3n, o la parte de la misma que resultase afectada, por no puesta.<br \/>\nBarcel\u00f3 se reserva el derecho a denegar o retirar el acceso a la p\u00e1gina web, en cualquier momento y sin necesidad de previo aviso a aquellos Usuarios que incumplan estas CG o que hagan un mal uso de los servicios y contenidos publicados en \u00e9l.<br \/>\nLas presentes CG estar\u00e1n sometidas a la legislaci\u00f3n espa\u00f1ola. Las partes se someten, a su elecci\u00f3n, para la resoluci\u00f3n de los conflictos y con renuncia a cualquier otro fuero, a los juzgados y tribunales del domicilio del usuario.<\/p>\n","protected":false},"excerpt":{"rendered":"<p>Las presentes Condiciones Generales (en adelante, las &#8220;CG&#8221;) regulan el acceso y el uso del sitio www.barcelo.com\/experiences propiedad de Barcel\u00f3 [&hellip;]<\/p>\n","protected":false},"author":1,"featured_media":0,"parent":0,"menu_order":9,"comment_status":"closed","ping_status":"closed","template":"","meta":{"_acf_changed":false,"footnotes":""},"class_list":["post-6377","page","type-page","status-publish","hentry"],"acf":[],"yoast_head":"<!-- This site is optimized with the Yoast SEO Premium plugin v26.2 (Yoast SEO v27.2) - https:\/\/yoast.com\/product\/yoast-seo-premium-wordpress\/ -->\n<title>Terms and conditions of Barcel\u00f3 Experiences - Barcel\u00f3 Experiences<\/title>\n<meta name=\"robots\" content=\"index, follow, max-snippet:-1, max-image-preview:large, max-video-preview:-1\" \/>\n<meta property=\"og:locale\" content=\"it_IT\" \/>\n<meta property=\"og:type\" content=\"article\" \/>\n<meta property=\"og:title\" content=\"Terms and conditions of Barcel\u00f3 Experiences\" \/>\n<meta property=\"og:description\" content=\"Las presentes Condiciones Generales (en adelante, las &#8220;CG&#8221;) regulan el acceso y el uso del sitio www.barcelo.com\/experiences propiedad de Barcel\u00f3 [&hellip;]\" \/>\n<meta property=\"og:site_name\" content=\"Barcel\u00f3 Experiences\" \/>\n<meta name=\"twitter:card\" content=\"summary_large_image\" \/>\n<meta name=\"twitter:label1\" content=\"Tempo di lettura stimato\" \/>\n\t<meta name=\"twitter:data1\" content=\"8 minuti\" \/>\n<script type=\"application\/ld+json\" class=\"yoast-schema-graph\">{\"@context\":\"https:\/\/schema.org\",\"@graph\":[{\"@type\":\"WebPage\",\"@id\":\"https:\/\/www.barcelo.com\/guia-turismo\/en\/terms-and-conditions-of-barcelo-experiences\/\",\"url\":\"https:\/\/www.barcelo.com\/guia-turismo\/en\/terms-and-conditions-of-barcelo-experiences\/\",\"name\":\"Terms and conditions of Barcel\u00f3 Experiences - Barcel\u00f3 Experiences\",\"isPartOf\":{\"@id\":\"https:\/\/www.barcelo.com\/guia-turismo\/en\/#website\"},\"datePublished\":\"2018-12-09T14:59:43+00:00\",\"breadcrumb\":{\"@id\":\"https:\/\/www.barcelo.com\/guia-turismo\/en\/terms-and-conditions-of-barcelo-experiences\/#breadcrumb\"},\"inLanguage\":\"it-IT\",\"potentialAction\":[{\"@type\":\"ReadAction\",\"target\":[\"https:\/\/www.barcelo.com\/guia-turismo\/en\/terms-and-conditions-of-barcelo-experiences\/\"]}]},{\"@type\":\"BreadcrumbList\",\"@id\":\"https:\/\/www.barcelo.com\/guia-turismo\/en\/terms-and-conditions-of-barcelo-experiences\/#breadcrumb\",\"itemListElement\":[{\"@type\":\"ListItem\",\"position\":1,\"name\":\"Portada\",\"item\":\"https:\/\/www.barcelo.com\/guia-turismo\/en\/\"},{\"@type\":\"ListItem\",\"position\":2,\"name\":\"Terms and conditions of Barcel\u00f3 Experiences\"}]},{\"@type\":\"WebSite\",\"@id\":\"https:\/\/www.barcelo.com\/guia-turismo\/en\/#website\",\"url\":\"https:\/\/www.barcelo.com\/guia-turismo\/en\/\",\"name\":\"Barcel\u00f3 Experiences\",\"description\":\"\",\"publisher\":{\"@id\":\"https:\/\/www.barcelo.com\/guia-turismo\/en\/#organization\"},\"potentialAction\":[{\"@type\":\"SearchAction\",\"target\":{\"@type\":\"EntryPoint\",\"urlTemplate\":\"https:\/\/www.barcelo.com\/guia-turismo\/en\/?s={search_term_string}\"},\"query-input\":{\"@type\":\"PropertyValueSpecification\",\"valueRequired\":true,\"valueName\":\"search_term_string\"}}],\"inLanguage\":\"it-IT\"},{\"@type\":\"Organization\",\"@id\":\"https:\/\/www.barcelo.com\/guia-turismo\/en\/#organization\",\"name\":\"Barcel\u00f3 Hotel Group\",\"url\":\"https:\/\/www.barcelo.com\/guia-turismo\/en\/\",\"logo\":{\"@type\":\"ImageObject\",\"inLanguage\":\"it-IT\",\"@id\":\"https:\/\/www.barcelo.com\/guia-turismo\/en\/#\/schema\/logo\/image\/\",\"url\":\"https:\/\/www.barcelo.com\/guia-turismo\/wp-content\/uploads\/2022\/06\/Logo-Barcelo-Experiences.webp\",\"contentUrl\":\"https:\/\/www.barcelo.com\/guia-turismo\/wp-content\/uploads\/2022\/06\/Logo-Barcelo-Experiences.webp\",\"width\":129,\"height\":56,\"caption\":\"Barcel\u00f3 Hotel Group\"},\"image\":{\"@id\":\"https:\/\/www.barcelo.com\/guia-turismo\/en\/#\/schema\/logo\/image\/\"}}]}<\/script>\n<!-- \/ Yoast SEO Premium plugin. -->","yoast_head_json":{"title":"Terms and conditions of Barcel\u00f3 Experiences - Barcel\u00f3 Experiences","robots":{"index":"index","follow":"follow","max-snippet":"max-snippet:-1","max-image-preview":"max-image-preview:large","max-video-preview":"max-video-preview:-1"},"og_locale":"it_IT","og_type":"article","og_title":"Terms and conditions of Barcel\u00f3 Experiences","og_description":"Las presentes Condiciones Generales (en adelante, las &#8220;CG&#8221;) regulan el acceso y el uso del sitio www.barcelo.com\/experiences propiedad de Barcel\u00f3 [&hellip;]","og_site_name":"Barcel\u00f3 Experiences","twitter_card":"summary_large_image","twitter_misc":{"Tempo di lettura stimato":"8 minuti"},"schema":{"@context":"https:\/\/schema.org","@graph":[{"@type":"WebPage","@id":"https:\/\/www.barcelo.com\/guia-turismo\/en\/terms-and-conditions-of-barcelo-experiences\/","url":"https:\/\/www.barcelo.com\/guia-turismo\/en\/terms-and-conditions-of-barcelo-experiences\/","name":"Terms and conditions of Barcel\u00f3 Experiences - Barcel\u00f3 Experiences","isPartOf":{"@id":"https:\/\/www.barcelo.com\/guia-turismo\/en\/#website"},"datePublished":"2018-12-09T14:59:43+00:00","breadcrumb":{"@id":"https:\/\/www.barcelo.com\/guia-turismo\/en\/terms-and-conditions-of-barcelo-experiences\/#breadcrumb"},"inLanguage":"it-IT","potentialAction":[{"@type":"ReadAction","target":["https:\/\/www.barcelo.com\/guia-turismo\/en\/terms-and-conditions-of-barcelo-experiences\/"]}]},{"@type":"BreadcrumbList","@id":"https:\/\/www.barcelo.com\/guia-turismo\/en\/terms-and-conditions-of-barcelo-experiences\/#breadcrumb","itemListElement":[{"@type":"ListItem","position":1,"name":"Portada","item":"https:\/\/www.barcelo.com\/guia-turismo\/en\/"},{"@type":"ListItem","position":2,"name":"Terms and conditions of Barcel\u00f3 Experiences"}]},{"@type":"WebSite","@id":"https:\/\/www.barcelo.com\/guia-turismo\/en\/#website","url":"https:\/\/www.barcelo.com\/guia-turismo\/en\/","name":"Barcel\u00f3 Experiences","description":"","publisher":{"@id":"https:\/\/www.barcelo.com\/guia-turismo\/en\/#organization"},"potentialAction":[{"@type":"SearchAction","target":{"@type":"EntryPoint","urlTemplate":"https:\/\/www.barcelo.com\/guia-turismo\/en\/?s={search_term_string}"},"query-input":{"@type":"PropertyValueSpecification","valueRequired":true,"valueName":"search_term_string"}}],"inLanguage":"it-IT"},{"@type":"Organization","@id":"https:\/\/www.barcelo.com\/guia-turismo\/en\/#organization","name":"Barcel\u00f3 Hotel Group","url":"https:\/\/www.barcelo.com\/guia-turismo\/en\/","logo":{"@type":"ImageObject","inLanguage":"it-IT","@id":"https:\/\/www.barcelo.com\/guia-turismo\/en\/#\/schema\/logo\/image\/","url":"https:\/\/www.barcelo.com\/guia-turismo\/wp-content\/uploads\/2022\/06\/Logo-Barcelo-Experiences.webp","contentUrl":"https:\/\/www.barcelo.com\/guia-turismo\/wp-content\/uploads\/2022\/06\/Logo-Barcelo-Experiences.webp","width":129,"height":56,"caption":"Barcel\u00f3 Hotel Group"},"image":{"@id":"https:\/\/www.barcelo.com\/guia-turismo\/en\/#\/schema\/logo\/image\/"}}]}},"_links":{"self":[{"href":"https:\/\/www.barcelo.com\/guia-turismo\/it\/wp-json\/wp\/v2\/pages\/6377","targetHints":{"allow":["GET"]}}],"collection":[{"href":"https:\/\/www.barcelo.com\/guia-turismo\/it\/wp-json\/wp\/v2\/pages"}],"about":[{"href":"https:\/\/www.barcelo.com\/guia-turismo\/it\/wp-json\/wp\/v2\/types\/page"}],"author":[{"embeddable":true,"href":"https:\/\/www.barcelo.com\/guia-turismo\/it\/wp-json\/wp\/v2\/users\/1"}],"replies":[{"embeddable":true,"href":"https:\/\/www.barcelo.com\/guia-turismo\/it\/wp-json\/wp\/v2\/comments?post=6377"}],"version-history":[{"count":0,"href":"https:\/\/www.barcelo.com\/guia-turismo\/it\/wp-json\/wp\/v2\/pages\/6377\/revisions"}],"wp:attachment":[{"href":"https:\/\/www.barcelo.com\/guia-turismo\/it\/wp-json\/wp\/v2\/media?parent=6377"}],"curies":[{"name":"wp","href":"https:\/\/api.w.org\/{rel}","templated":true}]}}